{"id":159,"date":"2020-01-06T15:23:01","date_gmt":"2020-01-06T14:23:01","guid":{"rendered":"http:\/\/far-cry.cz\/farcry\/?page_id=159"},"modified":"2021-06-07T08:25:05","modified_gmt":"2021-06-07T06:25:05","slug":"soundtrack","status":"publish","type":"page","link":"https:\/\/far-cry.cz\/farcry\/soundtrack\/","title":{"rendered":"SOUNDTRACK"},"content":{"rendered":"\n<p>Poslechn\u011bte si soundtrack, kter\u00fd je pou\u017eit ve h\u0159e v trailerech.<\/p>\n\n\n\n<!--more-->\n\n\n\n<figure class=\"wp-block-embed is-type-video is-provider-youtube wp-block-embed-youtube wp-embed-aspect-16-9 wp-has-aspect-ratio\"><div class=\"wp-block-embed__wrapper\">\n<iframe title=\"Far Cry 6 - Official Soundtrack Music | Full Mix (Worldwide Gameplay Reveal Soundtrack | OST)\" width=\"1140\" height=\"641\" data-src=\"https:\/\/www.youtube.com\/embed\/1lxoz3B0-HE?feature=oembed\" frameborder=\"0\" allow=\"accelerometer; autoplay; clipboard-write; encrypted-media; gyroscope; picture-in-picture\" allowfullscreen src=\"data:image\/svg+xml;base64,PHN2ZyB3aWR0aD0iMSIgaGVpZ2h0PSIxIiB4bWxucz0iaHR0cDovL3d3dy53My5vcmcvMjAwMC9zdmciPjwvc3ZnPg==\" class=\"lazyload\" data-load-mode=\"1\"><\/iframe>\n<\/div><figcaption>Soundtrack, kter\u00fd hr\u00e1l p\u0159ed gameplay trailery<\/figcaption><\/figure>\n","protected":false},"excerpt":{"rendered":"<p>Poslechn\u011bte si soundtrack, kter\u00fd je pou\u017eit ve h\u0159e v trailerech.<\/p>\n","protected":false},"author":1,"featured_media":759,"parent":0,"menu_order":9,"comment_status":"open","ping_status":"closed","template":"","meta":{"ngg_post_thumbnail":0,"footnotes":""},"class_list":["post-159","page","type-page","status-publish","has-post-thumbnail","hentry"],"aioseo_notices":[],"jetpack_sharing_enabled":true,"_links":{"self":[{"href":"https:\/\/far-cry.cz\/farcry\/wp-json\/wp\/v2\/pages\/159","targetHints":{"allow":["GET"]}}],"collection":[{"href":"https:\/\/far-cry.cz\/farcry\/wp-json\/wp\/v2\/pages"}],"about":[{"href":"https:\/\/far-cry.cz\/farcry\/wp-json\/wp\/v2\/types\/page"}],"author":[{"embeddable":true,"href":"https:\/\/far-cry.cz\/farcry\/wp-json\/wp\/v2\/users\/1"}],"replies":[{"embeddable":true,"href":"https:\/\/far-cry.cz\/farcry\/wp-json\/wp\/v2\/comments?post=159"}],"version-history":[{"count":2,"href":"https:\/\/far-cry.cz\/farcry\/wp-json\/wp\/v2\/pages\/159\/revisions"}],"predecessor-version":[{"id":765,"href":"https:\/\/far-cry.cz\/farcry\/wp-json\/wp\/v2\/pages\/159\/revisions\/765"}],"wp:featuredmedia":[{"embeddable":true,"href":"https:\/\/far-cry.cz\/farcry\/wp-json\/wp\/v2\/media\/759"}],"wp:attachment":[{"href":"https:\/\/far-cry.cz\/farcry\/wp-json\/wp\/v2\/media?parent=159"}],"curies":[{"name":"wp","href":"https:\/\/api.w.org\/{rel}","templated":true}]}}